{"id":6204,"date":"2021-12-24T09:05:09","date_gmt":"2021-12-24T09:05:09","guid":{"rendered":"https:\/\/freewalkingtoursmadrid.com\/?post_type=product&#038;p=6204"},"modified":"2026-01-30T10:38:15","modified_gmt":"2026-01-30T09:38:15","slug":"madrid-monumental-retiro-park","status":"publish","type":"product","link":"https:\/\/freewalkingtoursmadrid.com\/es\/tour\/madrid-monumental-retiro-park\/","title":{"rendered":"Free Tour Madrid Patrimonio Mundial"},"content":{"rendered":"<div class=\"entry-content my-3\">\n<div class=\"entry-content my-3\">\n<p>Un recorrido por <strong>el nuevo Madrid<\/strong>, el Madrid de los Borbones, recientemente nombrado Patrimonio Mundial de la UNESCO<\/p>\n<p>\u00bfQu\u00e9 ocurri\u00f3 a partir del siglo XVIII para que la ciudad se convirtiera en una de las capitales de referencia en Europa y el mundo?<\/p>\n<p>Empezaremos nuestro recorrido admirando la fant\u00e1stica plaza de Cibeles y las imponentes vistas de Gran V\u00eda, Banco de Espa\u00f1a y el Ayuntamiento.<\/p>\n<p>Descubriremos el <strong>Tri\u00e1ngulo del Arte<\/strong>, que alberga tres de las mayores pinacotecas del mundo. El Museo del Prado, el Thyssen-Bornemisza y el Reina Sof\u00eda, con obras maestras de la pintura espa\u00f1ola y europea. Picasso, Dal\u00ed, Vel\u00e1zquez, y muchos m\u00e1s\u2026<\/p>\n<p>Nuestro recorrido termina en el<strong> Parque del Retiro,<\/strong> el pulm\u00f3n de la ciudad y uno de los lugares favoritos de los madrile\u00f1os.<\/p>\n<p>Descubrir\u00e1s el Madrid de la Ilustraci\u00f3n\u00a0 y la luz, y conocer\u00e1s algunos de los <strong>rincones m\u00e1s fotografiados de la ciudad.\u00a0<\/strong><\/p>\n<p>Reserva tu plaza ahora!<\/p>\n<\/div>\n<div class=\"entry-meta mt-5\">\n<div class=\"row\">\n<div class=\"col-md-12\">\n<h4 class=\"color-primary display-5\">Descubriremos:<\/h4>\n<ul class=\"hitos\">\n<li>Banco de Espa\u00f1a<\/li>\n<li>Fuente de Cibeles<\/li>\n<li>Palacio de Cristal<\/li>\n<li>Ayuntamiento de Madrid<\/li>\n<li>Paseo del Arte<\/li>\n<li>Museo del Prado<\/li>\n<li>Parque del Retiro<\/li>\n<li>Apolo y Neptuno<\/li>\n<li>Real Academia de la Lengua<\/li>\n<li>Y mucho m\u00e1s\u2026<\/li>\n<\/ul>\n<\/div>\n<\/div>\n<\/div>\n<p><iframe style=\"border: 0;\" src=\"https:\/\/www.google.com\/maps\/embed?pb=!1m18!1m12!1m3!1d3037.5729091926164!2d-3.697473587585457!3d40.418311271320306!2m3!1f0!2f0!3f0!3m2!1i1024!2i768!4f13.1!3m3!1m2!1s0xd4228848288eb81%3A0x3d70bc66f1590582!2zQy4gQWxjYWzDoSwgNDgsIENlbnRybywgMjgwMTQgTWFkcmlkLCBFc3Bhw7Fh!5e0!3m2!1ses!2sde!4v1769765767605!5m2!1ses!2sde\" width=\"600\" height=\"450\" allowfullscreen=\"allowfullscreen\"><\/iframe><\/p>\n<\/div>\n<p><span style=\"color: #ffffff;\">.<\/span><\/p>","protected":false},"excerpt":{"rendered":"<p class=\"display-4 color-primary my-3\">Explora con nosotros el Madrid m\u00e1s <strong>monumental y art\u00edstico<\/strong>, Un recorrido por las grandes obras arquitect\u00f3nicas y el parque del Retiro<\/p>","protected":false},"featured_media":5457,"template":"","meta":{"_glsr_average":0,"_glsr_ranking":0,"_glsr_reviews":0},"product_brand":[],"product_cat":[39,43,36],"product_tag":[49],"class_list":{"0":"post-6204","1":"product","2":"type-product","3":"status-publish","4":"has-post-thumbnail","6":"product_cat-bestseller-espanol","7":"product_cat-header-no-button","8":"product_cat-retiro","9":"product_tag-update_tag","11":"first","12":"instock","13":"virtual","14":"sold-individually","15":"purchasable","16":"product-type-turitop"},"_links":{"self":[{"href":"https:\/\/freewalkingtoursmadrid.com\/es\/wp-json\/wp\/v2\/product\/6204","targetHints":{"allow":["GET"]}}],"collection":[{"href":"https:\/\/freewalkingtoursmadrid.com\/es\/wp-json\/wp\/v2\/product"}],"about":[{"href":"https:\/\/freewalkingtoursmadrid.com\/es\/wp-json\/wp\/v2\/types\/product"}],"version-history":[{"count":6,"href":"https:\/\/freewalkingtoursmadrid.com\/es\/wp-json\/wp\/v2\/product\/6204\/revisions"}],"predecessor-version":[{"id":30323,"href":"https:\/\/freewalkingtoursmadrid.com\/es\/wp-json\/wp\/v2\/product\/6204\/revisions\/30323"}],"wp:featuredmedia":[{"embeddable":true,"href":"https:\/\/freewalkingtoursmadrid.com\/es\/wp-json\/wp\/v2\/media\/5457"}],"wp:attachment":[{"href":"https:\/\/freewalkingtoursmadrid.com\/es\/wp-json\/wp\/v2\/media?parent=6204"}],"wp:term":[{"taxonomy":"product_brand","embeddable":true,"href":"https:\/\/freewalkingtoursmadrid.com\/es\/wp-json\/wp\/v2\/product_brand?post=6204"},{"taxonomy":"product_cat","embeddable":true,"href":"https:\/\/freewalkingtoursmadrid.com\/es\/wp-json\/wp\/v2\/product_cat?post=6204"},{"taxonomy":"product_tag","embeddable":true,"href":"https:\/\/freewalkingtoursmadrid.com\/es\/wp-json\/wp\/v2\/product_tag?post=6204"}],"curies":[{"name":"wp","href":"https:\/\/api.w.org\/{rel}","templated":true}]}}