{"id":5440,"date":"2021-11-25T22:02:11","date_gmt":"2021-11-25T22:02:11","guid":{"rendered":"https:\/\/testing.freewalkingtoursmadrid.com\/?post_type=product&#038;p=5440"},"modified":"2026-01-29T12:43:45","modified_gmt":"2026-01-29T11:43:45","slug":"full-day-toledo","status":"publish","type":"product","link":"https:\/\/freewalkingtoursmadrid.com\/es\/tour\/dia-completo-toledo\/","title":{"rendered":"Toledo d\u00eda completo"},"content":{"rendered":"<p><strong>Tour a Toledo! Visita la ciudad de las tres culturas acompa\u00f1ado de un experto gu\u00eda local.<\/strong><\/p>\n<p>Visitar Toledo es conocer la historia de nuestro pa\u00eds. La llamada \u201cciudad de las tres culturas\u201d, re\u00fane joyas art\u00edsticas y arquitect\u00f3nicas del cristianismo, juda\u00edsmo y de la cultura musulm\u00e1n. \u00a1Un aut\u00e9ntico c\u00f3ctel de historia!<\/p>\n<p>Free Walking Tours Madrid\u00a0 junto la empresa colaboradora VPT, te proponemos una excursi\u00f3n de un d\u00eda completo a Toledo. La ruta incluye el autob\u00fas de ida y vuelta lo que permitir\u00e1 al viajero disfrutar con total comodidad. Las calles de Toledo, su iluminaci\u00f3n y rincones, conservan intacta la belleza y esplendor de otras \u00e9pocas, lo que bien le ha valido que sea reconocida como ciudad Patrimonio de la Humanidad.<\/p>\n<p>Todo ello, acompa\u00f1ados de una gu\u00eda profesional, que explicar\u00e1 cada monumento al detalle y atender\u00e1 todas vuestras necesidades.<\/p>\n<p class=\" translation-block\"><span style=\"color: #000000\"><span style=\"font-family: Helvetica Neue, serif\"><span style=\"font-size: medium\"><span style=\"font-family: Verdana, serif\"><span lang=\"en-US\">\u00a1Pero a\u00fan hay<\/span><\/span><span style=\"font-family: Verdana, serif\">  M\u00c1S!<\/span><\/span><\/span><\/span><\/p>\n<p><strong>Con su reserva podr\u00e1 elegir entre:<\/strong><\/p>\n<p>Toledo B\u00e1sico: Incluye transporte, tour panor\u00e1mico + breve tour a pie, siendo una genial introducci\u00f3n a la ciudad, y tiempo libre.<\/p>\n<p>Pulsera Tur\u00edstica: Entrada a 7 grandes monumentos* de la ciudad.<\/p>\n<p>\u2022  Catedral de Toledo: Con visita guiada en el interior.<\/p>\n<p><strong>\u00bfC\u00f3mo se RESERVA?<\/strong><\/p>\n<p>F\u00e1cilmente a trav\u00e9s de esta p\u00e1gina. Aqu\u00ed s\u00f3lo se os pedir\u00e1 un dep\u00f3sito de 10\u20ac. El resto del pago y la elecci\u00f3n de los monumentos a visitar, ser\u00e1n hechos al inicio del tour en el punto de inicio.<\/p>\n<p><strong>Precio total de la actividad:<\/strong><\/p>\n<ul>\n<li style=\"list-style-type: none;\">\n<ul>\n<li style=\"list-style-type: none;\">\n<ul>\n<li>Toledo B\u00e1sico, 29\u20ac adulto\/ 27\u20ac ni\u00f1o.<\/li>\n<li>Toledo B\u00e1sico + Pulsera Tur\u00edstica* 44\u20ac adulto\/ 36\u20ac ni\u00f1o.<\/li>\n<li>Toledo B\u00e1sico + Catedral* 52\u20ac adulto \/ 45\u20ac ni\u00f1o<\/li>\n<\/ul>\n<\/li>\n<\/ul>\n<\/li>\n<\/ul>\n<p>&nbsp;<\/p>\n<p><em>*<span class=\"Y2IQFc\" lang=\"en\">2 horas de inicio a su disposici\u00f3n (8:30am o 10 am) mismo precio y misma hora de regreso.<\/span><\/em><\/p>\n<p><em>*Pulsera Tur\u00edstica: entrada 7 grandes monumentos. (San Juan de los Reyes, Iglesia de los Jesuits, Iglesia de Santo Tom\u00e9 ( Incluye el entierro del \"Conde de Orgaz\" de El Greco).Santa Mar\u00eda la Blanca (Antigua sinagoga Jud\u00eda) y m\u00e1s\u2026\u00a0<\/em><\/p>\n<p><em>*Catedral: No disponible Domingos.\u00a0<\/em><\/p>\n<p align=\"LEFT\"><span style=\"color: #ffffff;\">.<\/span><\/p>","protected":false},"excerpt":{"rendered":"<p><span lang=\"en-US\">Visitar Toledo es conocer la historia de nuestro pa\u00eds. La llamada <strong>\"Ciudad de las 3 Culturas\"<\/strong>re\u00fane joyas art\u00edsticas y arquitect\u00f3nicas del cristianismo, el juda\u00edsmo y la cultura musulmana.<\/span><\/p>","protected":false},"featured_media":5448,"template":"","meta":{"_glsr_average":0,"_glsr_ranking":0,"_glsr_reviews":0},"product_brand":[],"product_cat":[22,39,43],"product_tag":[44,49],"class_list":{"0":"post-5440","1":"product","2":"type-product","3":"status-publish","4":"has-post-thumbnail","6":"product_cat-best-sellers","7":"product_cat-bestseller-espanol","8":"product_cat-header-no-button","9":"product_tag-english","10":"product_tag-update_tag","12":"first","13":"instock","14":"virtual","15":"sold-individually","16":"purchasable","17":"product-type-turitop"},"_links":{"self":[{"href":"https:\/\/freewalkingtoursmadrid.com\/es\/wp-json\/wp\/v2\/product\/5440","targetHints":{"allow":["GET"]}}],"collection":[{"href":"https:\/\/freewalkingtoursmadrid.com\/es\/wp-json\/wp\/v2\/product"}],"about":[{"href":"https:\/\/freewalkingtoursmadrid.com\/es\/wp-json\/wp\/v2\/types\/product"}],"version-history":[{"count":23,"href":"https:\/\/freewalkingtoursmadrid.com\/es\/wp-json\/wp\/v2\/product\/5440\/revisions"}],"predecessor-version":[{"id":30309,"href":"https:\/\/freewalkingtoursmadrid.com\/es\/wp-json\/wp\/v2\/product\/5440\/revisions\/30309"}],"wp:featuredmedia":[{"embeddable":true,"href":"https:\/\/freewalkingtoursmadrid.com\/es\/wp-json\/wp\/v2\/media\/5448"}],"wp:attachment":[{"href":"https:\/\/freewalkingtoursmadrid.com\/es\/wp-json\/wp\/v2\/media?parent=5440"}],"wp:term":[{"taxonomy":"product_brand","embeddable":true,"href":"https:\/\/freewalkingtoursmadrid.com\/es\/wp-json\/wp\/v2\/product_brand?post=5440"},{"taxonomy":"product_cat","embeddable":true,"href":"https:\/\/freewalkingtoursmadrid.com\/es\/wp-json\/wp\/v2\/product_cat?post=5440"},{"taxonomy":"product_tag","embeddable":true,"href":"https:\/\/freewalkingtoursmadrid.com\/es\/wp-json\/wp\/v2\/product_tag?post=5440"}],"curies":[{"name":"wp","href":"https:\/\/api.w.org\/{rel}","templated":true}]}}