{"id":5418,"date":"2021-11-25T19:51:11","date_gmt":"2021-11-25T19:51:11","guid":{"rendered":"https:\/\/testing.freewalkingtoursmadrid.com\/?post_type=product&#038;p=5418"},"modified":"2026-01-29T12:51:23","modified_gmt":"2026-01-29T11:51:23","slug":"escorial-valley-of-the-fallen","status":"publish","type":"product","link":"https:\/\/freewalkingtoursmadrid.com\/es\/tour\/escorial-valle-de-los-caidos\/","title":{"rendered":"Escorial y Valle de los Ca\u00eddos"},"content":{"rendered":"<p><strong>Escorial y Valle de los Ca\u00eddos<\/strong><\/p>\n<p>Visita el San Lorenzo de El Escorial y disfruta de las espectaculares vistas desde el Valle de los Ca\u00eddos, todo ello acompa\u00f1ado de nuestro gu\u00eda experto.<\/p>\n<p>Free Walking Tours Madrid\u00a0 junto la empresa colaboradora VPT, te proponemos una excursi\u00f3n de medio d\u00eda  que inicia con un recorrido en bus de aproximadamente una hora hasta llegar a San Lorenzo de El Escorial.  All\u00ed realizaremos la visita guiada del Real Monasterio, construido en el siglo XVI y visitaremos su interior, edificado bajo el mandato de Felipe II.<\/p>\n<p class=\" translation-block\">A continuaci\u00f3n, a unos diez minutos en bus, nos dirigiremos hacia el Valle de Los Ca\u00eddos,\ndonde apreciaremos la cruz de m\u00e1s de 150 metros de altura y la Bas\u00edlica excavada en la\nroca de la monta\u00f1a y por supuesto disfrutaremos de unas espectaculares vistas de la sierra\nmadrile\u00f1a. <br>Incluimos la entrada al monumento para que puedan disfrutar de sus peculiares\nrincones (visita guiada dentro no incluida).<\/p>\n<p>Una vez concluida la visita, volveremos hacia Madrid. A nuestra llegada (2pm aprox.)\nla visita culminar\u00e1 a la altura de Plaza Espa\u00f1a<\/p>\n<p><strong>\u00bfC\u00f3mo se RESERVA?<\/strong><br \/>\nF\u00e1cilmente a trav\u00e9s de esta p\u00e1gina, donde \u00fanicamente se les pedir\u00e1 un dep\u00f3sito, 20\u20ac adulto y 17\u20ac ni\u00f1o. El resto del pago y la elecci\u00f3n de los monumentos a visitar, ser\u00e1 hecho al principio del tour en el punto de encuentro.<br \/>\n<strong>Precio total <\/strong>\nEscorial y Valle de los Ca\u00eddos, 66\u20ac adulto y 50 \u20ac ni\u00f1o<\/p>\n<p><strong>Incluye<\/strong>:<\/p>\n<ul>\n<li>Viaje en autob\u00fas ida y vueltas<\/li>\n<li>Gu\u00eda Oficial (biling\u00fce).<\/li>\n<li>Entrada al Monasterio del El Escorial y visita guiada en el interior.<\/li>\n<li>Entrada y Visita a la Bas\u00edlica del Valle de los ca\u00eddos (sin gu\u00eda en el interior).<\/li>\n<\/ul>\n<p>&nbsp;<\/p>\n<p><strong>Servicios no incluidos:<\/strong><\/p>\n<ul>\n<li>Entradas a monumentos no especificados<\/li>\n<li>Comida<\/li>\n<li>No accesible en silla de ruedas.<\/li>\n<\/ul>\n<p><span style=\"color: #ffffff;\">.<\/span><\/p>","protected":false},"excerpt":{"rendered":"<p>Visita San Lorenzo de El Escorial y disfruta de unas <strong>vistas espectaculares<\/strong> del Valle de los Ca\u00eddos, todo ello acompa\u00f1ado de nuestro gu\u00eda experto.<\/p>","protected":false},"featured_media":5421,"template":"","meta":{"_glsr_average":0,"_glsr_ranking":0,"_glsr_reviews":0},"product_brand":[],"product_cat":[22,39,43],"product_tag":[44,49],"class_list":{"0":"post-5418","1":"product","2":"type-product","3":"status-publish","4":"has-post-thumbnail","6":"product_cat-best-sellers","7":"product_cat-bestseller-espanol","8":"product_cat-header-no-button","9":"product_tag-english","10":"product_tag-update_tag","12":"first","13":"instock","14":"virtual","15":"sold-individually","16":"purchasable","17":"product-type-turitop"},"_links":{"self":[{"href":"https:\/\/freewalkingtoursmadrid.com\/es\/wp-json\/wp\/v2\/product\/5418","targetHints":{"allow":["GET"]}}],"collection":[{"href":"https:\/\/freewalkingtoursmadrid.com\/es\/wp-json\/wp\/v2\/product"}],"about":[{"href":"https:\/\/freewalkingtoursmadrid.com\/es\/wp-json\/wp\/v2\/types\/product"}],"version-history":[{"count":17,"href":"https:\/\/freewalkingtoursmadrid.com\/es\/wp-json\/wp\/v2\/product\/5418\/revisions"}],"predecessor-version":[{"id":30311,"href":"https:\/\/freewalkingtoursmadrid.com\/es\/wp-json\/wp\/v2\/product\/5418\/revisions\/30311"}],"wp:featuredmedia":[{"embeddable":true,"href":"https:\/\/freewalkingtoursmadrid.com\/es\/wp-json\/wp\/v2\/media\/5421"}],"wp:attachment":[{"href":"https:\/\/freewalkingtoursmadrid.com\/es\/wp-json\/wp\/v2\/media?parent=5418"}],"wp:term":[{"taxonomy":"product_brand","embeddable":true,"href":"https:\/\/freewalkingtoursmadrid.com\/es\/wp-json\/wp\/v2\/product_brand?post=5418"},{"taxonomy":"product_cat","embeddable":true,"href":"https:\/\/freewalkingtoursmadrid.com\/es\/wp-json\/wp\/v2\/product_cat?post=5418"},{"taxonomy":"product_tag","embeddable":true,"href":"https:\/\/freewalkingtoursmadrid.com\/es\/wp-json\/wp\/v2\/product_tag?post=5418"}],"curies":[{"name":"wp","href":"https:\/\/api.w.org\/{rel}","templated":true}]}}