{"id":5409,"date":"2021-11-25T19:23:35","date_gmt":"2021-11-25T19:23:35","guid":{"rendered":"https:\/\/testing.freewalkingtoursmadrid.com\/?post_type=product&#038;p=5409"},"modified":"2026-01-29T12:49:34","modified_gmt":"2026-01-29T11:49:34","slug":"avila-and-segovia","status":"publish","type":"product","link":"https:\/\/freewalkingtoursmadrid.com\/es\/tour\/avila-and-segovia\/","title":{"rendered":"\u00c1vila + Segovia, Tour completo"},"content":{"rendered":"<p>Tour de d\u00eda completo a \u00c1vila y Segovia<\/p>\n<p><strong><strong>Tour a \u00c1vila y Segovia! Visita dos ciudades \u00fanicas acompa\u00f1ado de un experto gu\u00eda local<\/strong><\/strong><\/p>\n<p>Free Walking Tours Madrid, junto con nuestra empresa colaboradora VPT, proponen un tour de d\u00eda completo a \u00c1vila y Segovia. Un magn\u00edfico tour de d\u00eda completo en el que conocer\u00e1s a dos <strong>Ciudades Patrimonio de la Humanidad.<\/strong><\/p>\n<p>Iniciamos el recorrido en bus hac\u00eda \u00c1vila donde realizaremos un paseo a pie por los exteriores de la Catedral, Plaza Mayor, Bas\u00edlica de San Vicente. y una breve ruta teresiana por la Iglesia de San Juan Bautista y la casa convento de Santa Teresa. Adem\u00e1s de por supuesto, admirar sus murallas.<\/p>\n<p>A continuaci\u00f3n, nos dirigiremos hacia Segovia. Al llegar podr\u00e1 disfrutar de tiempo libre para almorzar. Visitaremos la Plaza del Azoguejo donde con el impresionante Acueducto Romano, caminaremos por el casco antiguo de la ciudad para apreciar la Plaza del ayuntamiento y los exteriores de La Catedral de estilo g\u00f3tico. Y finalmente llegaremos al Alc\u00e1zar del siglo XII, antigua residencia fortificada de los reyes de Castilla, donde visitaremos su interior, acompa\u00f1ados de nuestro gu\u00eda experto.<\/p>\n<p>A nuestro regreso a Madrid la visita culminar\u00e1 a la altura de Plaza Espa\u00f1a (6pm aprox.)<\/p>\n<p><strong>\u00bfC\u00f3mo se RESERVA?<\/strong><\/p>\n<p>F\u00e1cilmente a trav\u00e9s de esta p\u00e1gina, donde \u00fanicamente se le pedir\u00e1 un dep\u00f3sito, 20\u20ac adulto y 17\u20ac ni\u00f1o. El resto del pago y la elecci\u00f3n de incluir o no almuerzo, ser\u00e1 hecho al principio del tour en el punto de encuentro.<\/p>\n<p><strong>Precio total de la actividad:<\/strong><\/p>\n<p>\u00c1vila y Segovia b\u00e1sico 50\u20ac adulto y 45\u20ac ni\u00f1o.<\/p>\n<p>\u00c1vila y Segovia con 2 monumentos* 59\u20ac adulto y 55\u20ac ni\u00f1o.<\/p>\n<p><strong>Incluye:<\/strong><\/p>\n<p>\u2022 Visita con gu\u00eda oficial (biling\u00fce)<\/p>\n<p>\u2022 Autocar climatizado.<\/p>\n<p>\u2022 Paseo a pie.<\/p>\n<p>- *Opci\u00f3n 2 monumentos: Incluye entrada a la Catedral de Segovia y a las murallas de \u00c1vila<\/p>\n<p><strong>No incluye:<\/strong><\/p>\n<ul>\n<li>Comida (El gu\u00eda les ofrecer\u00e1 algunas opciones)<\/li>\n<li>Traslados desde y hacia el hotel<\/li>\n<\/ul>\n<p><strong>Informaci\u00f3n adicional:<\/strong><\/p>\n<ul>\n<li>Recomendamos el uso de calzado c\u00f3modo.<\/li>\n<li>Crema solar en verano<\/li>\n<li>No accesible en silla de ruedas.<\/li>\n<\/ul>\n<p><span style=\"color: #ffffff;\">.<\/span><\/p>","protected":false},"excerpt":{"rendered":"<p>Free Walking Tours Madrid\u00a0 le propone una excursi\u00f3n de d\u00eda completo a \u00c1vila y Segovia. Una magnifica visita de d\u00eda entero en la que podr\u00e1 conocer <strong>dos Ciudades Patrimonio de la Humanidad.<\/strong><\/p>","protected":false},"featured_media":5415,"template":"","meta":{"_glsr_average":0,"_glsr_ranking":0,"_glsr_reviews":0},"product_brand":[],"product_cat":[22,39,43],"product_tag":[44,49],"class_list":{"0":"post-5409","1":"product","2":"type-product","3":"status-publish","4":"has-post-thumbnail","6":"product_cat-best-sellers","7":"product_cat-bestseller-espanol","8":"product_cat-header-no-button","9":"product_tag-english","10":"product_tag-update_tag","12":"first","13":"instock","14":"virtual","15":"sold-individually","16":"purchasable","17":"product-type-turitop"},"_links":{"self":[{"href":"https:\/\/freewalkingtoursmadrid.com\/es\/wp-json\/wp\/v2\/product\/5409","targetHints":{"allow":["GET"]}}],"collection":[{"href":"https:\/\/freewalkingtoursmadrid.com\/es\/wp-json\/wp\/v2\/product"}],"about":[{"href":"https:\/\/freewalkingtoursmadrid.com\/es\/wp-json\/wp\/v2\/types\/product"}],"version-history":[{"count":20,"href":"https:\/\/freewalkingtoursmadrid.com\/es\/wp-json\/wp\/v2\/product\/5409\/revisions"}],"predecessor-version":[{"id":30310,"href":"https:\/\/freewalkingtoursmadrid.com\/es\/wp-json\/wp\/v2\/product\/5409\/revisions\/30310"}],"wp:featuredmedia":[{"embeddable":true,"href":"https:\/\/freewalkingtoursmadrid.com\/es\/wp-json\/wp\/v2\/media\/5415"}],"wp:attachment":[{"href":"https:\/\/freewalkingtoursmadrid.com\/es\/wp-json\/wp\/v2\/media?parent=5409"}],"wp:term":[{"taxonomy":"product_brand","embeddable":true,"href":"https:\/\/freewalkingtoursmadrid.com\/es\/wp-json\/wp\/v2\/product_brand?post=5409"},{"taxonomy":"product_cat","embeddable":true,"href":"https:\/\/freewalkingtoursmadrid.com\/es\/wp-json\/wp\/v2\/product_cat?post=5409"},{"taxonomy":"product_tag","embeddable":true,"href":"https:\/\/freewalkingtoursmadrid.com\/es\/wp-json\/wp\/v2\/product_tag?post=5409"}],"curies":[{"name":"wp","href":"https:\/\/api.w.org\/{rel}","templated":true}]}}