{"id":3873,"date":"2021-10-08T14:16:38","date_gmt":"2021-10-08T14:16:38","guid":{"rendered":"https:\/\/test1.simpledevel.com\/?post_type=product&#038;p=3873"},"modified":"2025-07-09T19:32:23","modified_gmt":"2025-07-09T17:32:23","slug":"tour-gratis-en-madrid","status":"publish","type":"product","link":"https:\/\/freewalkingtoursmadrid.com\/es\/tour\/tour-gratis-en-madrid\/","title":{"rendered":"Tour Gratis en Madrid"},"content":{"rendered":"<div class=\"entry-content my-3\">\n<h4>\u00a1Ven a conocer el mejor <strong>Tour Gratis en Madrid<\/strong>!<\/h4>\n<p>\u00bfNunca has hecho un Tour Gratis antes?<\/p>\n<p>Te mostraremos lo mejor de la ciudad, te contaremos su historia, an\u00e9cdotas y curiosidades, de la manera m\u00e1s divertida.<\/p>\n<p>Cuando termine nuestro <strong>Tour Gratis en Madrid<\/strong>, t\u00fa ser\u00e1s el que decidas, el precio que nuestra ruta y servicios merecen. \u00a1Aseg\u00farate tu plaza reservando ahora y disfruta de este original plan para conocer la ciudad!<\/p>\n<p>Porque Madrid pas\u00f3 de ser un peque\u00f1o poblado \u00e1rabe, al centro neur\u00e1lgico del mayor y m\u00e1s poderoso imperio mundial, y en el transcurso, ha vivido de todo!<\/p>\n<p>Desde la Inquisici\u00f3n Espa\u00f1ola a la contracultura de \u00abLa Movida\u00bb,\u00a0 varias dictaduras totalitarias y bombardeos anarquistas. Mientras, a la par, los madrile\u00f1os construyeron uno de los caracteres m\u00e1s acogedores y amistosos que te puedes encontrar.<\/p>\n<p>Todo esto cambi\u00f3 la fisonom\u00eda de la ciudad hasta convertirla en la ciudad moderna y cosmopolita que es pero conservando adem\u00e1s el encanto y esplendor de sus monumentos m\u00e1s caracter\u00edsticas, y la fisionom\u00eda de sus barrios m\u00e1s populares.<\/p>\n<p>Durante nuestro <strong>Tour Gratis en Madrid<\/strong> visitaremos algunos de esos rincones que hacen de Madrid una de las capitales m\u00e1s visitadas de Europa: la Plaza Mayor, Puerta del Sol, el Congreso de los Diputados, el Convento de Las Descalzas, la \u00d3pera, Callos, las Catedrales y el Palacio Real, entre otros monumentos.<\/p>\n<p>\u00a1Ap\u00fantate a conocer la fascinante historia de la ciudad y encontrarte con el car\u00e1cter electrizante de sus gentes!<\/p>\n<p><strong><span style=\"color: #800080\">Descubriremos<\/span><\/strong><\/p>\n<\/div>\n<div class=\"entry-meta mt-5\">\n<div class=\"row\">\n<div class=\"col-md-12\">\n<ul class=\"hitos\">\n<li><strong>Plaza Mayor<\/strong><\/li>\n<li><strong>Puerta Del Sol<\/strong><\/li>\n<li><strong>El Palacio Real<\/strong><\/li>\n<li><strong>El Congreso De Los Diputados<\/strong><\/li>\n<li><strong>La Catedral<\/strong><\/li>\n<li><strong>La Inquisici\u00f3n Espa\u00f1ola<\/strong><\/li>\n<li><strong>Callao<\/strong><\/li>\n<li><strong>El Convento De Las Descalzas<\/strong><\/li>\n<li><strong>La Opera<\/strong><\/li>\n<li><strong>Plaza De Santa Ana<\/strong><\/li>\n<li><strong>La Guerra Civil Espa\u00f1ola<\/strong><\/li>\n<li><strong>Cervantes<\/strong><\/li>\n<li><strong>La Movida Madrile\u00f1a<\/strong><\/li>\n<li><strong>Madrid De Los Austrias<\/strong><\/li>\n<li><strong>Barrio De Las Letras<\/strong><\/li>\n<li><strong>Y Mucho M\u00e1s!<\/strong><\/li>\n<\/ul>\n<\/div>\n<\/div>\n<\/div>\n<p>&nbsp;<\/p>\n<div class=\"row\">\n<div class=\"col-md-12\">\n<p>&nbsp;<\/p>\n<\/div>\n<\/div>\n<div class=\"entry-meta mt-5\"><em>Pasajeros<\/em><br \/>\n<em>\u2022 De 1 a 8 personas: Gratis, basado en propinas.<\/em><br \/>\n<em>Grupos de 9 o m\u00e1s deben abonar una reserva de 7euros por persona en el punto de<\/em><br \/>\n<em>inicio, al menos 5 minutos antes del comienzo del tour, o reservar un tour privado\u00a0<a href=\"https:\/\/freewalkingtoursmadrid.com\/es\/tour\/tour-privado-madrid\/\">aqu\u00ed.<\/a><\/em><\/div>","protected":false},"excerpt":{"rendered":"<p><strong>\u00a1El mejor Tour Gratis en Madrid!<\/strong>\u00a0Free Walking Tours Madrid promueve un turismo que fusiona entretenimiento, cultura y respeto por la ciudad\u00a0<img decoding=\"async\" class=\"emoji\" role=\"img\" src=\"https:\/\/s.w.org\/images\/core\/emoji\/13.1.0\/svg\/1f642.svg\" alt=\"\ud83d\ude42\" \/>\u00a0\u00a1\u00danete y descubre Madrid con nosotros!<\/p>","protected":false},"featured_media":5453,"template":"","meta":{"_glsr_average":0,"_glsr_ranking":0,"_glsr_reviews":0},"product_brand":[],"product_cat":[50,39,35,42],"product_tag":[49],"class_list":{"0":"post-3873","1":"product","2":"type-product","3":"status-publish","4":"has-post-thumbnail","6":"product_cat-all-tours","7":"product_cat-bestseller-espanol","8":"product_cat-espanol","9":"product_cat-header-button","10":"product_tag-update_tag","12":"first","13":"instock","14":"virtual","15":"sold-individually","16":"purchasable","17":"product-type-turitop"},"_links":{"self":[{"href":"https:\/\/freewalkingtoursmadrid.com\/es\/wp-json\/wp\/v2\/product\/3873","targetHints":{"allow":["GET"]}}],"collection":[{"href":"https:\/\/freewalkingtoursmadrid.com\/es\/wp-json\/wp\/v2\/product"}],"about":[{"href":"https:\/\/freewalkingtoursmadrid.com\/es\/wp-json\/wp\/v2\/types\/product"}],"version-history":[{"count":13,"href":"https:\/\/freewalkingtoursmadrid.com\/es\/wp-json\/wp\/v2\/product\/3873\/revisions"}],"predecessor-version":[{"id":15539,"href":"https:\/\/freewalkingtoursmadrid.com\/es\/wp-json\/wp\/v2\/product\/3873\/revisions\/15539"}],"wp:featuredmedia":[{"embeddable":true,"href":"https:\/\/freewalkingtoursmadrid.com\/es\/wp-json\/wp\/v2\/media\/5453"}],"wp:attachment":[{"href":"https:\/\/freewalkingtoursmadrid.com\/es\/wp-json\/wp\/v2\/media?parent=3873"}],"wp:term":[{"taxonomy":"product_brand","embeddable":true,"href":"https:\/\/freewalkingtoursmadrid.com\/es\/wp-json\/wp\/v2\/product_brand?post=3873"},{"taxonomy":"product_cat","embeddable":true,"href":"https:\/\/freewalkingtoursmadrid.com\/es\/wp-json\/wp\/v2\/product_cat?post=3873"},{"taxonomy":"product_tag","embeddable":true,"href":"https:\/\/freewalkingtoursmadrid.com\/es\/wp-json\/wp\/v2\/product_tag?post=3873"}],"curies":[{"name":"wp","href":"https:\/\/api.w.org\/{rel}","templated":true}]}}