{"id":2700,"date":"2021-10-04T12:02:35","date_gmt":"2021-10-04T12:02:35","guid":{"rendered":"https:\/\/test1.simpledevel.com\/?post_type=product&#038;p=2700"},"modified":"2026-01-29T12:35:12","modified_gmt":"2026-01-29T11:35:12","slug":"private-tour-madrid","status":"publish","type":"product","link":"https:\/\/freewalkingtoursmadrid.com\/es\/tour\/tour-privado-madrid\/","title":{"rendered":"Tours privados"},"content":{"rendered":"<p class=\" translation-block\">Con Tours Privados en Madrid disfruta conociendo Madrid a tu ritmo, con quien m\u00e1s quieras, conociendo los monumentos m\u00e1s simb\u00f3licos de la capital.<\/p>\n<p>Tu gu\u00eda personal te acompa\u00f1ar\u00e1 en un interesante y entretenido viaje para conocer la historia, la cultura y los secretos de Madrid.<\/p>\n<p>Tu gu\u00eda personal te acompa\u00f1ar\u00e1 en un interesante y entretenido viaje para conocer la historia, la cultura y los secretos de Madrid.<\/p>\n<p>Adem\u00e1s, tienes la opci\u00f3n de personalizar tu ruta y decirnos qu\u00e9 monumentos o lugares quieres visitar. Cu\u00e9ntanos cu\u00e1les son tus preferencias y organizaremos todo.<\/p>\n<p class=\" translation-block\">Reserve uno de nuestros itinerarios m\u00e1s populares o cree su propio tour personalizado.<\/p>\n<p>Rellena el formulario o si lo prefieres escr\u00edbenos un email a <a href=\"mailto:CraftToursSpain@gmail.com\">craftToursSpain@gmail.com<\/a><\/p>\n<p>+34 633 84 59 06<\/p>\n<div class=\"elementor-element elementor-element-6acf86b elementor-widget elementor-widget-text-editor\" data-id=\"6acf86b\" data-element_type=\"widget\" data-widget_type=\"text-editor.default\">\n<div class=\"elementor-widget-container\">\n<p><span style=\"color: #000000;\">Estaremos encantados de ayudarte y hacer que tu viaje sea perfecto.<\/span><\/p>\n<\/div>\n<\/div>","protected":false},"excerpt":{"rendered":"<p>\u00a1Explora con nosotros, en un tour privado por Madrid, para ti y tu grupo!<br \/>\nLos tours privados en Madrid son una opci\u00f3n ideal para grupos: viajes escolares, fin de carrera, eventos corporativos, familiares o amigos.<\/p>","protected":false},"featured_media":2784,"template":"","meta":{"_glsr_average":0,"_glsr_ranking":0,"_glsr_reviews":0},"product_brand":[],"product_cat":[27,39,43],"product_tag":[37,44,49],"class_list":{"0":"post-2700","1":"product","2":"type-product","3":"status-publish","4":"has-post-thumbnail","6":"product_cat-private","7":"product_cat-bestseller-espanol","8":"product_cat-header-no-button","9":"product_tag-bestseller","10":"product_tag-english","11":"product_tag-update_tag","13":"first","14":"instock","15":"shipping-taxable","16":"product-type-simple"},"_links":{"self":[{"href":"https:\/\/freewalkingtoursmadrid.com\/es\/wp-json\/wp\/v2\/product\/2700","targetHints":{"allow":["GET"]}}],"collection":[{"href":"https:\/\/freewalkingtoursmadrid.com\/es\/wp-json\/wp\/v2\/product"}],"about":[{"href":"https:\/\/freewalkingtoursmadrid.com\/es\/wp-json\/wp\/v2\/types\/product"}],"version-history":[{"count":19,"href":"https:\/\/freewalkingtoursmadrid.com\/es\/wp-json\/wp\/v2\/product\/2700\/revisions"}],"predecessor-version":[{"id":6076,"href":"https:\/\/freewalkingtoursmadrid.com\/es\/wp-json\/wp\/v2\/product\/2700\/revisions\/6076"}],"wp:featuredmedia":[{"embeddable":true,"href":"https:\/\/freewalkingtoursmadrid.com\/es\/wp-json\/wp\/v2\/media\/2784"}],"wp:attachment":[{"href":"https:\/\/freewalkingtoursmadrid.com\/es\/wp-json\/wp\/v2\/media?parent=2700"}],"wp:term":[{"taxonomy":"product_brand","embeddable":true,"href":"https:\/\/freewalkingtoursmadrid.com\/es\/wp-json\/wp\/v2\/product_brand?post=2700"},{"taxonomy":"product_cat","embeddable":true,"href":"https:\/\/freewalkingtoursmadrid.com\/es\/wp-json\/wp\/v2\/product_cat?post=2700"},{"taxonomy":"product_tag","embeddable":true,"href":"https:\/\/freewalkingtoursmadrid.com\/es\/wp-json\/wp\/v2\/product_tag?post=2700"}],"curies":[{"name":"wp","href":"https:\/\/api.w.org\/{rel}","templated":true}]}}