{"id":2072,"date":"2021-09-30T13:01:09","date_gmt":"2021-09-30T13:01:09","guid":{"rendered":"https:\/\/test1.simpledevel.com\/?post_type=product&#038;p=2072"},"modified":"2026-01-29T12:39:57","modified_gmt":"2026-01-29T11:39:57","slug":"flamenco-show-madrid","status":"publish","type":"product","link":"https:\/\/freewalkingtoursmadrid.com\/es\/tour\/flamenco-espectaculo-madrid\/","title":{"rendered":"Show Flamenco en Madrid"},"content":{"rendered":"<p><strong>Siente la pasi\u00f3n de la danza y el flamenco en Madrid. Artistas talentosos y un ambiente \u00fanico para disfrutar la danza espa\u00f1ola.<\/strong><\/p>\n<div class=\"entry-content my-3\">\n<p>\u00a1Descubre una de las tradiciones m\u00e1s profundas de la cultura espa\u00f1ola en pleno coraz\u00f3n de Madrid! S\u00ed, en Madrid, capital que esconde algunos de los mejores escenarios flamencos, ya que como se suele decir \u201cel flamenco nace en Andaluc\u00eda, pero se baila en Madrid\u201d.<\/p>\n<p>\u00bfPor qu\u00e9 Tablao Quimera es uno de los mejores espect\u00e1culos flamencos de la capital?<\/p>\n<p>Nuestro Tablao te llevar\u00e1 a las ra\u00edces del <strong>Flamenco.<\/strong>Una receta ancestral con 2 ingredientes b\u00e1sicos: <strong>alma y coraz\u00f3n<\/strong>, aderezada con una interpretaci\u00f3n visceral de nuestros artistas, sin gui\u00f3n, sin composici\u00f3n estructural, guiada por la improvisaci\u00f3n, la emoci\u00f3n, el sentimiento y lo que ellos llaman\u00a0<em>\u201cduende\u201d.<\/em><\/p>\n<p>Los or\u00edgenes del flamenco siguen sin estar claros, pero se cree que surge como una forma de expresi\u00f3n para desatar las alegr\u00edas de las clases marginales, que llegar\u00e1 a convertirse en un fen\u00f3meno mundial y representado en ciudades como Nueva York, Londres, Tokio.<\/p>\n<p>En 2010, el flamenco fue reconocido como Obra Maestra, Patrimonio Inmaterial de la Humanidad. \u00a1Tienes que verlo en vivo !<\/p>\n<p>Adem\u00e1s de disfrutar <strong>del Show de Flamenco en Madrid<\/strong>, podr\u00e1s disfrutar de un men\u00fa gastron\u00f3mico basado en deliciosas tapas y un buen vino para sentir todas las tradiciones del pa\u00eds en una velada \u00fanica.<\/p>\n<p class=\" translation-block\">Visita Flamenco Show en Madrid. Una experiencia que no te puedes perder!!<\/p>\n<p>El precio de este tour es<strong> 45<\/strong>\u00a0Euros adulto y <strong>22,50<\/strong>Euros (ni\u00f1o hasta 10 a\u00f1os). Los <strong>10<\/strong> Euros adulto y <strong>5<\/strong> EUROS (ni\u00f1o) es un dep\u00f3sito. El resto del pago se realizar\u00e1 al inicio del espect\u00e1culo en el Punto de Encuentro.<\/p>\n<p><span style=\"color: #ffffff;\">.<\/span><\/p>\n<\/div>","protected":false},"excerpt":{"rendered":"<p class=\" translation-block\">Vive la pasi\u00f3n del baile y el flamenco en Madrid.\nArtistas de gran talento y un entorno \u00fanico para descubrir este incre\u00edble baile espa\u00f1ol. <br><b>\u00a1Una experiencia para los sentidos!<\/b><\/p>","protected":false},"featured_media":5922,"template":"","meta":{"_glsr_average":0,"_glsr_ranking":0,"_glsr_reviews":0},"product_brand":[],"product_cat":[22,39,43,26],"product_tag":[37,44,49],"class_list":{"0":"post-2072","1":"product","2":"type-product","3":"status-publish","4":"has-post-thumbnail","6":"product_cat-best-sellers","7":"product_cat-bestseller-espanol","8":"product_cat-header-no-button","9":"product_cat-tours","10":"product_tag-bestseller","11":"product_tag-english","12":"product_tag-update_tag","14":"first","15":"instock","16":"virtual","17":"sold-individually","18":"purchasable","19":"product-type-turitop"},"_links":{"self":[{"href":"https:\/\/freewalkingtoursmadrid.com\/es\/wp-json\/wp\/v2\/product\/2072","targetHints":{"allow":["GET"]}}],"collection":[{"href":"https:\/\/freewalkingtoursmadrid.com\/es\/wp-json\/wp\/v2\/product"}],"about":[{"href":"https:\/\/freewalkingtoursmadrid.com\/es\/wp-json\/wp\/v2\/types\/product"}],"version-history":[{"count":50,"href":"https:\/\/freewalkingtoursmadrid.com\/es\/wp-json\/wp\/v2\/product\/2072\/revisions"}],"predecessor-version":[{"id":30308,"href":"https:\/\/freewalkingtoursmadrid.com\/es\/wp-json\/wp\/v2\/product\/2072\/revisions\/30308"}],"wp:featuredmedia":[{"embeddable":true,"href":"https:\/\/freewalkingtoursmadrid.com\/es\/wp-json\/wp\/v2\/media\/5922"}],"wp:attachment":[{"href":"https:\/\/freewalkingtoursmadrid.com\/es\/wp-json\/wp\/v2\/media?parent=2072"}],"wp:term":[{"taxonomy":"product_brand","embeddable":true,"href":"https:\/\/freewalkingtoursmadrid.com\/es\/wp-json\/wp\/v2\/product_brand?post=2072"},{"taxonomy":"product_cat","embeddable":true,"href":"https:\/\/freewalkingtoursmadrid.com\/es\/wp-json\/wp\/v2\/product_cat?post=2072"},{"taxonomy":"product_tag","embeddable":true,"href":"https:\/\/freewalkingtoursmadrid.com\/es\/wp-json\/wp\/v2\/product_tag?post=2072"}],"curies":[{"name":"wp","href":"https:\/\/api.w.org\/{rel}","templated":true}]}}