{"id":1928,"date":"2021-09-29T16:52:37","date_gmt":"2021-09-29T16:52:37","guid":{"rendered":"https:\/\/test1.simpledevel.com\/?page_id=1928"},"modified":"2026-01-29T13:11:16","modified_gmt":"2026-01-29T12:11:16","slug":"faqs","status":"publish","type":"page","link":"https:\/\/freewalkingtoursmadrid.com\/es\/faqs\/","title":{"rendered":"FAQ"},"content":{"rendered":"<div data-elementor-type=\"wp-page\" data-elementor-id=\"1928\" class=\"elementor elementor-1928\" data-elementor-post-type=\"page\">\n\t\t\t\t\t\t<section class=\"elementor-section elementor-top-section elementor-element elementor-element-bc49269 elementor-section-full_width elementor-section-height-default elementor-section-height-default\" data-id=\"bc49269\" data-element_type=\"section\">\n\t\t\t\t\t\t<div class=\"elementor-container elementor-column-gap-no\">\n\t\t\t\t\t<div class=\"elementor-column elementor-col-100 elementor-top-column elementor-element elementor-element-9f48322\" data-id=\"9f48322\" data-element_type=\"column\">\n\t\t\t<div class=\"elementor-widget-wrap elementor-element-populated\">\n\t\t\t\t\t\t<div class=\"elementor-element elementor-element-17269b2 elementor-widget elementor-widget-image\" data-id=\"17269b2\" data-element_type=\"widget\" data-settings=\"{&quot;motion_fx_motion_fx_scrolling&quot;:&quot;yes&quot;,&quot;motion_fx_devices&quot;:[&quot;desktop&quot;,&quot;tablet&quot;,&quot;mobile&quot;]}\" data-widget_type=\"image.default\">\n\t\t\t\t<div class=\"elementor-widget-container\">\n\t\t\t\t\t\t\t\t\t\t\t\t\t\t\t<img fetchpriority=\"high\" decoding=\"async\" width=\"800\" height=\"121\" src=\"https:\/\/freewalkingtoursmadrid.com\/wp-content\/uploads\/2021\/09\/header_estrecho-1024x155.jpg\" class=\"attachment-large size-large wp-image-531\" alt=\"free walking tours madrid\" srcset=\"https:\/\/freewalkingtoursmadrid.com\/wp-content\/uploads\/2021\/09\/header_estrecho-1024x155.jpg 1024w, https:\/\/freewalkingtoursmadrid.com\/wp-content\/uploads\/2021\/09\/header_estrecho-300x45.jpg 300w, https:\/\/freewalkingtoursmadrid.com\/wp-content\/uploads\/2021\/09\/header_estrecho-768x116.jpg 768w, https:\/\/freewalkingtoursmadrid.com\/wp-content\/uploads\/2021\/09\/header_estrecho.jpg 1312w\" sizes=\"(max-width: 800px) 100vw, 800px\" \/>\t\t\t\t\t\t\t\t\t\t\t\t\t\t\t<\/div>\n\t\t\t\t<\/div>\n\t\t\t\t\t<\/div>\n\t\t<\/div>\n\t\t\t\t\t<\/div>\n\t\t<\/section>\n\t\t\t\t<section class=\"elementor-section elementor-top-section elementor-element elementor-element-75661442 elementor-section-boxed elementor-section-height-default elementor-section-height-default\" data-id=\"75661442\" data-element_type=\"section\">\n\t\t\t\t\t\t<div class=\"elementor-container elementor-column-gap-default\">\n\t\t\t\t\t<div class=\"elementor-column elementor-col-100 elementor-top-column elementor-element elementor-element-c8aad4e\" data-id=\"c8aad4e\" data-element_type=\"column\">\n\t\t\t<div class=\"elementor-widget-wrap elementor-element-populated\">\n\t\t\t\t\t\t<div class=\"elementor-element elementor-element-45d160df elementor-widget elementor-widget-text-editor\" data-id=\"45d160df\" data-element_type=\"widget\" data-widget_type=\"text-editor.default\">\n\t\t\t\t<div class=\"elementor-widget-container\">\n\t\t\t\t\t\t\t\t\t<p>FAQS<\/p>\t\t\t\t\t\t\t\t<\/div>\n\t\t\t\t<\/div>\n\t\t\t\t<div class=\"elementor-element elementor-element-28b4b13a elementor-widget elementor-widget-accordion\" data-id=\"28b4b13a\" data-element_type=\"widget\" data-widget_type=\"accordion.default\">\n\t\t\t\t<div class=\"elementor-widget-container\">\n\t\t\t\t\t\t\t<div class=\"elementor-accordion\">\n\t\t\t\t\t\t\t<div class=\"elementor-accordion-item\">\n\t\t\t\t\t<div id=\"elementor-tab-title-6821\" class=\"elementor-tab-title\" data-tab=\"1\" role=\"button\" aria-controls=\"elementor-tab-content-6821\" aria-expanded=\"false\">\n\t\t\t\t\t\t\t\t\t\t\t\t\t<span class=\"elementor-accordion-icon elementor-accordion-icon-left\" aria-hidden=\"true\">\n\t\t\t\t\t\t\t\t\t\t\t\t\t\t\t<span class=\"elementor-accordion-icon-closed\"><i class=\"fas fa-plus\"><\/i><\/span>\n\t\t\t\t\t\t\t\t<span class=\"elementor-accordion-icon-opened\"><i class=\"fas fa-minus\"><\/i><\/span>\n\t\t\t\t\t\t\t\t\t\t\t\t\t\t<\/span>\n\t\t\t\t\t\t\t\t\t\t\t\t<a class=\"elementor-accordion-title\" tabindex=\"0\">\u00bfC\u00f3mo encuentro el punto de inicio del tour? \u00bfC\u00f3mo reconocer\u00e9 al gu\u00eda? <\/a>\n\t\t\t\t\t<\/div>\n\t\t\t\t\t<div id=\"elementor-tab-content-6821\" class=\"elementor-tab-content elementor-clearfix\" data-tab=\"1\" role=\"region\" aria-labelledby=\"elementor-tab-title-6821\"><div id=\"collapseOpen-1\" class=\"panel-collapse in collapse show\" role=\"tabpanel\" aria-labelledby=\"heading-1\"><div class=\"panel-body\"><div id=\"collapseOpen-1\" class=\"panel-collapse in collapse show\" role=\"tabpanel\" aria-labelledby=\"heading-1\"><div class=\"panel-body\"><p>El punto de inicio es Plaza Callao, en la esquina frente a la Apple Store. Encontrar\u00e1s a tu gu\u00eda esper\u00e1ndote con un paraguas violeta. Siempre es recomendable llegar 15 minutos antes.<\/p><\/div><\/div><\/div><\/div><\/div>\n\t\t\t\t<\/div>\n\t\t\t\t\t\t\t<div class=\"elementor-accordion-item\">\n\t\t\t\t\t<div id=\"elementor-tab-title-6822\" class=\"elementor-tab-title\" data-tab=\"2\" role=\"button\" aria-controls=\"elementor-tab-content-6822\" aria-expanded=\"false\">\n\t\t\t\t\t\t\t\t\t\t\t\t\t<span class=\"elementor-accordion-icon elementor-accordion-icon-left\" aria-hidden=\"true\">\n\t\t\t\t\t\t\t\t\t\t\t\t\t\t\t<span class=\"elementor-accordion-icon-closed\"><i class=\"fas fa-plus\"><\/i><\/span>\n\t\t\t\t\t\t\t\t<span class=\"elementor-accordion-icon-opened\"><i class=\"fas fa-minus\"><\/i><\/span>\n\t\t\t\t\t\t\t\t\t\t\t\t\t\t<\/span>\n\t\t\t\t\t\t\t\t\t\t\t\t<a class=\"elementor-accordion-title\" tabindex=\"0\"> \u00bfQu\u00e9 ocurre si las condiciones meteorol\u00f3gicas no son buenas? <\/a>\n\t\t\t\t\t<\/div>\n\t\t\t\t\t<div id=\"elementor-tab-content-6822\" class=\"elementor-tab-content elementor-clearfix\" data-tab=\"2\" role=\"region\" aria-labelledby=\"elementor-tab-title-6822\"><div id=\"collapseOpen-3\" class=\"panel-collapse in collapse show\" role=\"tabpanel\" aria-labelledby=\"heading-3\"><div class=\"panel-body\"><div id=\"collapseOpen-2\" class=\"panel-collapse in collapse show\" role=\"tabpanel\" aria-labelledby=\"heading-2\"><div class=\"panel-body\"><p>Haga sol o llueva, nuestros tours siguen saliendo, siempre que sea seguro para el grupo. Trabajamos durante todos los d\u00edas del a\u00f1o y nuestros gu\u00edas har\u00e1n uso de su experiencia para brindar el mejor servicio adapt\u00e1ndose al clima. Siempre es un buen consejo revisar la predicci\u00f3n meteorol\u00f3gica horas antes, y vestir con ropa c\u00f3moda buen calzado y acorde con las previsiones.<\/p><p>Si todav\u00eda no has encontrado tu respuesta, cont\u00e1ctanos y buscaremos la forma de ayudarte.<\/p><\/div><\/div><\/div><\/div><\/div>\n\t\t\t\t<\/div>\n\t\t\t\t\t\t\t<div class=\"elementor-accordion-item\">\n\t\t\t\t\t<div id=\"elementor-tab-title-6823\" class=\"elementor-tab-title\" data-tab=\"3\" role=\"button\" aria-controls=\"elementor-tab-content-6823\" aria-expanded=\"false\">\n\t\t\t\t\t\t\t\t\t\t\t\t\t<span class=\"elementor-accordion-icon elementor-accordion-icon-left\" aria-hidden=\"true\">\n\t\t\t\t\t\t\t\t\t\t\t\t\t\t\t<span class=\"elementor-accordion-icon-closed\"><i class=\"fas fa-plus\"><\/i><\/span>\n\t\t\t\t\t\t\t\t<span class=\"elementor-accordion-icon-opened\"><i class=\"fas fa-minus\"><\/i><\/span>\n\t\t\t\t\t\t\t\t\t\t\t\t\t\t<\/span>\n\t\t\t\t\t\t\t\t\t\t\t\t<a class=\"elementor-accordion-title\" tabindex=\"0\"> \u00bfHay alg\u00fan descanso en el tour? <\/a>\n\t\t\t\t\t<\/div>\n\t\t\t\t\t<div id=\"elementor-tab-content-6823\" class=\"elementor-tab-content elementor-clearfix\" data-tab=\"3\" role=\"region\" aria-labelledby=\"elementor-tab-title-6823\"><div id=\"collapseOpen-4\" class=\"panel-collapse in collapse show\" role=\"tabpanel\" aria-labelledby=\"heading-4\"><div id=\"collapseOpen-3\" class=\"panel-collapse in collapse show\" role=\"tabpanel\" aria-labelledby=\"heading-3\"><div class=\"panel-body\"><p>S\u00ed, hay una pausa en la mitad del tour en el bar La Dorotea. All\u00ed se podr\u00e1 ir al ba\u00f1o y tomar alg\u00fan refresco.<\/p><\/div><\/div><\/div><\/div>\n\t\t\t\t<\/div>\n\t\t\t\t\t\t\t<div class=\"elementor-accordion-item\">\n\t\t\t\t\t<div id=\"elementor-tab-title-6824\" class=\"elementor-tab-title\" data-tab=\"4\" role=\"button\" aria-controls=\"elementor-tab-content-6824\" aria-expanded=\"false\">\n\t\t\t\t\t\t\t\t\t\t\t\t\t<span class=\"elementor-accordion-icon elementor-accordion-icon-left\" aria-hidden=\"true\">\n\t\t\t\t\t\t\t\t\t\t\t\t\t\t\t<span class=\"elementor-accordion-icon-closed\"><i class=\"fas fa-plus\"><\/i><\/span>\n\t\t\t\t\t\t\t\t<span class=\"elementor-accordion-icon-opened\"><i class=\"fas fa-minus\"><\/i><\/span>\n\t\t\t\t\t\t\t\t\t\t\t\t\t\t<\/span>\n\t\t\t\t\t\t\t\t\t\t\t\t<a class=\"elementor-accordion-title\" tabindex=\"0\"> \u00bfC\u00f3mo funcionan los Free tour? <\/a>\n\t\t\t\t\t<\/div>\n\t\t\t\t\t<div id=\"elementor-tab-content-6824\" class=\"elementor-tab-content elementor-clearfix\" data-tab=\"4\" role=\"region\" aria-labelledby=\"elementor-tab-title-6824\"><div id=\"collapseOpen-5\" class=\"panel-collapse in collapse show\" role=\"tabpanel\" aria-labelledby=\"heading-5\"><div class=\"panel-body\"><div id=\"collapseOpen-4\" class=\"panel-collapse in collapse show\" role=\"tabpanel\" aria-labelledby=\"heading-4\"><div class=\"panel-body\"><p>El tour no tiene ning\u00fan coste, es al final del recorrido cuando cada uno es libre de dejar una aportaci\u00f3n por el valor que considere.\n\nCreemos que todo el mundo tiene derecho a un tour de calidad independientemente de su presupuesto, y esta es una de las claves.<\/p><\/div><\/div><\/div><\/div><\/div>\n\t\t\t\t<\/div>\n\t\t\t\t\t\t\t<div class=\"elementor-accordion-item\">\n\t\t\t\t\t<div id=\"elementor-tab-title-6825\" class=\"elementor-tab-title\" data-tab=\"5\" role=\"button\" aria-controls=\"elementor-tab-content-6825\" aria-expanded=\"false\">\n\t\t\t\t\t\t\t\t\t\t\t\t\t<span class=\"elementor-accordion-icon elementor-accordion-icon-left\" aria-hidden=\"true\">\n\t\t\t\t\t\t\t\t\t\t\t\t\t\t\t<span class=\"elementor-accordion-icon-closed\"><i class=\"fas fa-plus\"><\/i><\/span>\n\t\t\t\t\t\t\t\t<span class=\"elementor-accordion-icon-opened\"><i class=\"fas fa-minus\"><\/i><\/span>\n\t\t\t\t\t\t\t\t\t\t\t\t\t\t<\/span>\n\t\t\t\t\t\t\t\t\t\t\t\t<a class=\"elementor-accordion-title\" tabindex=\"0\"> \u00bfNecesito reservar por adelantado? <\/a>\n\t\t\t\t\t<\/div>\n\t\t\t\t\t<div id=\"elementor-tab-content-6825\" class=\"elementor-tab-content elementor-clearfix\" data-tab=\"5\" role=\"region\" aria-labelledby=\"elementor-tab-title-6825\"><div id=\"collapseOpen-6\" class=\"panel-collapse in collapse show\" role=\"tabpanel\" aria-labelledby=\"heading-6\"><div class=\"panel-body\"><div id=\"collapseOpen-5\" class=\"panel-collapse in collapse show\" role=\"tabpanel\" aria-labelledby=\"heading-5\"><div class=\"panel-body\"><p>No, no es necesario, pod\u00e9is asistir directamente al punto de encuentro<\/p><p class=\" translation-block\">Sin embargo, sin reserva no podemos asegurar al 100% vuestra plaza en el tour ya que los grupos tienen capacidad limitada. Por eso siempre recomendamos reservar gratis en nuestra web.<br><p><font style=\"vertical-align: inherit\"><font style=\"vertical-align: inherit\">Nota: estos tours est\u00e1n dedicados a personas o viajeros con un peque\u00f1o grupo de amigos. <\/font><font style=\"vertical-align: inherit\">Si viaja con un grupo de m\u00e1s de 9 personas, cont\u00e1ctenos con anticipaci\u00f3n para un\u00a0 <\/font><\/font><a href=\"https:\/\/www.vilniusfreetour.lt\/private-tours\/\"><font style=\"vertical-align: inherit\"><font style=\"vertical-align: inherit\">recorrido privado.<\/font><\/font><\/a><\/p><\/p><\/div><\/div><\/div><\/div><\/div>\n\t\t\t\t<\/div>\n\t\t\t\t\t\t\t<div class=\"elementor-accordion-item\">\n\t\t\t\t\t<div id=\"elementor-tab-title-6826\" class=\"elementor-tab-title\" data-tab=\"6\" role=\"button\" aria-controls=\"elementor-tab-content-6826\" aria-expanded=\"false\">\n\t\t\t\t\t\t\t\t\t\t\t\t\t<span class=\"elementor-accordion-icon elementor-accordion-icon-left\" aria-hidden=\"true\">\n\t\t\t\t\t\t\t\t\t\t\t\t\t\t\t<span class=\"elementor-accordion-icon-closed\"><i class=\"fas fa-plus\"><\/i><\/span>\n\t\t\t\t\t\t\t\t<span class=\"elementor-accordion-icon-opened\"><i class=\"fas fa-minus\"><\/i><\/span>\n\t\t\t\t\t\t\t\t\t\t\t\t\t\t<\/span>\n\t\t\t\t\t\t\t\t\t\t\t\t<a class=\"elementor-accordion-title\" tabindex=\"0\"> \u00bfSon bienvenidas las mascotas? <\/a>\n\t\t\t\t\t<\/div>\n\t\t\t\t\t<div id=\"elementor-tab-content-6826\" class=\"elementor-tab-content elementor-clearfix\" data-tab=\"6\" role=\"region\" aria-labelledby=\"elementor-tab-title-6826\"><div id=\"collapseOpen-7\" class=\"panel-collapse in collapse show\" role=\"tabpanel\" aria-labelledby=\"heading-7\"><div class=\"panel-body\"><div id=\"collapseOpen-6\" class=\"panel-collapse in collapse show\" role=\"tabpanel\" aria-labelledby=\"heading-6\"><div class=\"panel-body\"><p>Sin duda, amamos a los animales, siempre que no sean agresivos o excesivamente ruidosos.<\/p><\/div><\/div><\/div><\/div><div class=\"notranslate\" style=\"all: initial;\">\u00a0<\/div><\/div>\n\t\t\t\t<\/div>\n\t\t\t\t\t\t\t<div class=\"elementor-accordion-item\">\n\t\t\t\t\t<div id=\"elementor-tab-title-6827\" class=\"elementor-tab-title\" data-tab=\"7\" role=\"button\" aria-controls=\"elementor-tab-content-6827\" aria-expanded=\"false\">\n\t\t\t\t\t\t\t\t\t\t\t\t\t<span class=\"elementor-accordion-icon elementor-accordion-icon-left\" aria-hidden=\"true\">\n\t\t\t\t\t\t\t\t\t\t\t\t\t\t\t<span class=\"elementor-accordion-icon-closed\"><i class=\"fas fa-plus\"><\/i><\/span>\n\t\t\t\t\t\t\t\t<span class=\"elementor-accordion-icon-opened\"><i class=\"fas fa-minus\"><\/i><\/span>\n\t\t\t\t\t\t\t\t\t\t\t\t\t\t<\/span>\n\t\t\t\t\t\t\t\t\t\t\t\t<a class=\"elementor-accordion-title\" tabindex=\"0\"> \u00bfPuede realizarse la actividad con silla de ruedas? <\/a>\n\t\t\t\t\t<\/div>\n\t\t\t\t\t<div id=\"elementor-tab-content-6827\" class=\"elementor-tab-content elementor-clearfix\" data-tab=\"7\" role=\"region\" aria-labelledby=\"elementor-tab-title-6827\"><div id=\"collapseOpen-8\" class=\"panel-collapse in collapse show\" role=\"tabpanel\" aria-labelledby=\"heading-8\"><div class=\"panel-body\"><div id=\"collapseOpen-7\" class=\"panel-collapse in collapse show\" role=\"tabpanel\" aria-labelledby=\"heading-7\"><div class=\"panel-body\"><p>S\u00ed, sin duda. Cualquier persona en silla de ruedas es bienvenida.<\/p><\/div><\/div><\/div><\/div><\/div>\n\t\t\t\t<\/div>\n\t\t\t\t\t\t\t<div class=\"elementor-accordion-item\">\n\t\t\t\t\t<div id=\"elementor-tab-title-6828\" class=\"elementor-tab-title\" data-tab=\"8\" role=\"button\" aria-controls=\"elementor-tab-content-6828\" aria-expanded=\"false\">\n\t\t\t\t\t\t\t\t\t\t\t\t\t<span class=\"elementor-accordion-icon elementor-accordion-icon-left\" aria-hidden=\"true\">\n\t\t\t\t\t\t\t\t\t\t\t\t\t\t\t<span class=\"elementor-accordion-icon-closed\"><i class=\"fas fa-plus\"><\/i><\/span>\n\t\t\t\t\t\t\t\t<span class=\"elementor-accordion-icon-opened\"><i class=\"fas fa-minus\"><\/i><\/span>\n\t\t\t\t\t\t\t\t\t\t\t\t\t\t<\/span>\n\t\t\t\t\t\t\t\t\t\t\t\t<a class=\"elementor-accordion-title\" tabindex=\"0\"> \u00bfQui\u00e9nes son los gu\u00edas? <\/a>\n\t\t\t\t\t<\/div>\n\t\t\t\t\t<div id=\"elementor-tab-content-6828\" class=\"elementor-tab-content elementor-clearfix\" data-tab=\"8\" role=\"region\" aria-labelledby=\"elementor-tab-title-6828\"><div id=\"collapseOpen-8\" class=\"panel-collapse in collapse show\" role=\"tabpanel\" aria-labelledby=\"heading-8\"><div class=\"panel-body\"><p>Trabajamos con gu\u00edas locales profesionales, con experiencia y apasionados de la ciudad.<\/p><p class=\" translation-block\">Si a\u00fan no encuentra una respuesta, no dude en <a href=\"https:\/\/www.vilniusfreetour.lt\/contact-us\/\" target=\"_self\">contactarnos<\/a> para cualquier otra pregunta.<\/p><\/div><\/div><\/div>\n\t\t\t\t<\/div>\n\t\t\t\t\t\t\t\t<\/div>\n\t\t\t\t\t\t<\/div>\n\t\t\t\t<\/div>\n\t\t\t\t<div class=\"elementor-element elementor-element-e1544be elementor-widget elementor-widget-google_maps\" data-id=\"e1544be\" data-element_type=\"widget\" data-widget_type=\"google_maps.default\">\n\t\t\t\t<div class=\"elementor-widget-container\">\n\t\t\t\t\t\t\t<div class=\"elementor-custom-embed\">\n\t\t\t<iframe loading=\"lazy\"\n\t\t\t\t\tsrc=\"https:\/\/maps.google.com\/maps?q=40.41665051938592%2C%20-3.7038006241733066&#038;t=m&#038;z=18&#038;output=embed&#038;iwloc=near\"\n\t\t\t\t\ttitle=\"40.41665051938592, -3.7038006241733066\"\n\t\t\t\t\taria-label=\"40.41665051938592, -3.7038006241733066\"\n\t\t\t><\/iframe>\n\t\t<\/div>\n\t\t\t\t\t\t<\/div>\n\t\t\t\t<\/div>\n\t\t\t\t<div class=\"elementor-element elementor-element-536aa69 elementor-widget elementor-widget-spacer\" data-id=\"536aa69\" data-element_type=\"widget\" data-widget_type=\"spacer.default\">\n\t\t\t\t<div class=\"elementor-widget-container\">\n\t\t\t\t\t\t\t<div class=\"elementor-spacer\">\n\t\t\t<div class=\"elementor-spacer-inner\"><\/div>\n\t\t<\/div>\n\t\t\t\t\t\t<\/div>\n\t\t\t\t<\/div>\n\t\t\t\t\t<\/div>\n\t\t<\/div>\n\t\t\t\t\t<\/div>\n\t\t<\/section>\n\t\t\t\t<\/div>","protected":false},"excerpt":{"rendered":"<p>FAQS How do I find the meeting point of the walking tours? How do I recognize the guide? The meeting point is at Plaza Callao. You will find our guide waiting for you, \u00a0holding the purple umbrella. It is recommended to be 15 minutes before the walk begins. What if we have bad weather conditions? [&hellip;]<\/p>","protected":false},"author":1,"featured_media":0,"parent":0,"menu_order":0,"comment_status":"closed","ping_status":"closed","template":"","meta":{"_glsr_average":0,"_glsr_ranking":0,"_glsr_reviews":0,"footnotes":""},"class_list":["post-1928","page","type-page","status-publish","hentry"],"_links":{"self":[{"href":"https:\/\/freewalkingtoursmadrid.com\/es\/wp-json\/wp\/v2\/pages\/1928","targetHints":{"allow":["GET"]}}],"collection":[{"href":"https:\/\/freewalkingtoursmadrid.com\/es\/wp-json\/wp\/v2\/pages"}],"about":[{"href":"https:\/\/freewalkingtoursmadrid.com\/es\/wp-json\/wp\/v2\/types\/page"}],"author":[{"embeddable":true,"href":"https:\/\/freewalkingtoursmadrid.com\/es\/wp-json\/wp\/v2\/users\/1"}],"replies":[{"embeddable":true,"href":"https:\/\/freewalkingtoursmadrid.com\/es\/wp-json\/wp\/v2\/comments?post=1928"}],"version-history":[{"count":31,"href":"https:\/\/freewalkingtoursmadrid.com\/es\/wp-json\/wp\/v2\/pages\/1928\/revisions"}],"predecessor-version":[{"id":30314,"href":"https:\/\/freewalkingtoursmadrid.com\/es\/wp-json\/wp\/v2\/pages\/1928\/revisions\/30314"}],"wp:attachment":[{"href":"https:\/\/freewalkingtoursmadrid.com\/es\/wp-json\/wp\/v2\/media?parent=1928"}],"curies":[{"name":"wp","href":"https:\/\/api.w.org\/{rel}","templated":true}]}}