{"id":1173,"date":"2021-09-21T12:22:40","date_gmt":"2021-09-21T12:22:40","guid":{"rendered":"http:\/\/test1.simpledevel.com\/?page_id=1173"},"modified":"2023-04-28T17:59:54","modified_gmt":"2023-04-28T17:59:54","slug":"trabaja-con-nosotros","status":"publish","type":"page","link":"https:\/\/freewalkingtoursmadrid.com\/es\/trabaja-con-nosotros\/","title":{"rendered":"work with us"},"content":{"rendered":"<div data-elementor-type=\"wp-page\" data-elementor-id=\"1173\" class=\"elementor elementor-1173\" data-elementor-post-type=\"page\">\n\t\t\t\t\t\t<section class=\"elementor-section elementor-top-section elementor-element elementor-element-d8619cd elementor-section-full_width elementor-section-height-default elementor-section-height-default\" data-id=\"d8619cd\" data-element_type=\"section\">\n\t\t\t\t\t\t<div class=\"elementor-container elementor-column-gap-no\">\n\t\t\t\t\t<div class=\"elementor-column elementor-col-100 elementor-top-column elementor-element elementor-element-0a24344\" data-id=\"0a24344\" data-element_type=\"column\">\n\t\t\t<div class=\"elementor-widget-wrap elementor-element-populated\">\n\t\t\t\t\t\t<div class=\"elementor-element elementor-element-a0c6876 elementor-widget elementor-widget-image\" data-id=\"a0c6876\" data-element_type=\"widget\" data-widget_type=\"image.default\">\n\t\t\t\t<div class=\"elementor-widget-container\">\n\t\t\t\t\t\t\t\t\t\t\t\t\t\t\t<img fetchpriority=\"high\" decoding=\"async\" width=\"800\" height=\"121\" src=\"https:\/\/freewalkingtoursmadrid.com\/wp-content\/uploads\/2021\/09\/header_estrecho-1024x155.jpg\" class=\"attachment-large size-large wp-image-531\" alt=\"free walking tours madrid\" srcset=\"https:\/\/freewalkingtoursmadrid.com\/wp-content\/uploads\/2021\/09\/header_estrecho-1024x155.jpg 1024w, https:\/\/freewalkingtoursmadrid.com\/wp-content\/uploads\/2021\/09\/header_estrecho-300x45.jpg 300w, https:\/\/freewalkingtoursmadrid.com\/wp-content\/uploads\/2021\/09\/header_estrecho-768x116.jpg 768w, https:\/\/freewalkingtoursmadrid.com\/wp-content\/uploads\/2021\/09\/header_estrecho.jpg 1312w\" sizes=\"(max-width: 800px) 100vw, 800px\" \/>\t\t\t\t\t\t\t\t\t\t\t\t\t\t\t<\/div>\n\t\t\t\t<\/div>\n\t\t\t\t\t<\/div>\n\t\t<\/div>\n\t\t\t\t\t<\/div>\n\t\t<\/section>\n\t\t\t\t<section class=\"elementor-section elementor-top-section elementor-element elementor-element-7da8222 elementor-section-boxed elementor-section-height-default elementor-section-height-default\" data-id=\"7da8222\" data-element_type=\"section\">\n\t\t\t\t\t\t<div class=\"elementor-container elementor-column-gap-default\">\n\t\t\t\t\t<div class=\"elementor-column elementor-col-100 elementor-top-column elementor-element elementor-element-2da4f37\" data-id=\"2da4f37\" data-element_type=\"column\">\n\t\t\t<div class=\"elementor-widget-wrap elementor-element-populated\">\n\t\t\t\t\t\t<div class=\"elementor-element elementor-element-db715ba elementor-tabs-view-horizontal elementor-widget elementor-widget-tabs\" data-id=\"db715ba\" data-element_type=\"widget\" data-widget_type=\"tabs.default\">\n\t\t\t\t<div class=\"elementor-widget-container\">\n\t\t\t\t\t\t\t<div class=\"elementor-tabs\">\n\t\t\t<div class=\"elementor-tabs-wrapper\" role=\"tablist\" >\n\t\t\t\t\t\t\t\t\t<div id=\"elementor-tab-title-2301\" class=\"elementor-tab-title elementor-tab-desktop-title\" aria-selected=\"true\" data-tab=\"1\" role=\"tab\" tabindex=\"0\" aria-controls=\"elementor-tab-content-2301\" aria-expanded=\"false\">Gu\u00eda tur\u00edstico<\/div>\n\t\t\t\t\t\t\t\t\t<div id=\"elementor-tab-title-2302\" class=\"elementor-tab-title elementor-tab-desktop-title\" aria-selected=\"false\" data-tab=\"2\" role=\"tab\" tabindex=\"-1\" aria-controls=\"elementor-tab-content-2302\" aria-expanded=\"false\">Coordinador de Tours &amp; Actividades<\/div>\n\t\t\t\t\t\t\t\t\t<div id=\"elementor-tab-title-2303\" class=\"elementor-tab-title elementor-tab-desktop-title\" aria-selected=\"false\" data-tab=\"3\" role=\"tab\" tabindex=\"-1\" aria-controls=\"elementor-tab-content-2303\" aria-expanded=\"false\">Pr\u00e1cticas<\/div>\n\t\t\t\t\t\t\t<\/div>\n\t\t\t<div class=\"elementor-tabs-content-wrapper\" role=\"tablist\" aria-orientation=\"vertical\">\n\t\t\t\t\t\t\t\t\t<div class=\"elementor-tab-title elementor-tab-mobile-title\" aria-selected=\"true\" data-tab=\"1\" role=\"tab\" tabindex=\"0\" aria-controls=\"elementor-tab-content-2301\" aria-expanded=\"false\">Gu\u00eda tur\u00edstico<\/div>\n\t\t\t\t\t<div id=\"elementor-tab-content-2301\" class=\"elementor-tab-content elementor-clearfix\" data-tab=\"1\" role=\"tabpanel\" aria-labelledby=\"elementor-tab-title-2301\" tabindex=\"0\" hidden=\"false\"><div id=\"guia_turistico\" class=\"as_panel\"><div class=\"row\"><div class=\"col-12\"><h5 class=\"display-4 color-primary\"><span style=\"color: #800080;\"><strong>Actualmente estamos buscando nuevos talentos. \u00a1Echar un vistazo!<\/strong><\/span><\/h5><p>Free Walking Tours Madrid es una empresa joven y din\u00e1mica.<\/p><p>Actualmente estamos buscando nuevos gu\u00edas tur\u00edsticos. Aunque no se necesita experiencia como gu\u00eda tur\u00edstico, \u00a1sin duda es bienvenido! Si eres un apasionado de la ciudad de Madrid, te gusta interactuar con viajeros de todo el mundo y divertirte, \u00a1ponte en contacto con nosotros!<\/p><\/div><div class=\"col-12\"><p><strong class=\"color-primary\">Deber\u00edas:<\/strong><\/p><ul class=\"hitos\"><li>\u00a1S\u00e9 un\/a apasionad@ del arte, la historia, la m\u00fasica, la cultura y todo Madrid!<\/li><li>Como estar afuera, y sol<\/li><li>Tener pasi\u00f3n por el arte, la historia, la m\u00fasica, la cultura.<\/li><li>Ser organizad@, eficiente y orientad@ a resultados.<\/li><li>Sea sociable y tenga un fuerte sentido de servicio al cliente y habilidades de liderazgo.<\/li><li>Tener soltura y soltura para hablar en p\u00fablico y liderazgo.<\/li><li>Habilidades de aprendizaje activo<\/li><li>Ser capaz de coordinar grandes grupos de personas.<\/li><\/ul><\/div><div class=\"col-12 mt-5\"><p><strong class=\"color-primary\">Requisitos<\/strong><\/p><ul class=\"hitos\"><li>Debe poder trabajar legalmente en Espa\u00f1a: tener NIE o DNI<\/li><li>Hablar al menos ingl\u00e9s y\/o espa\u00f1ol con fluidez (otros idiomas son un plus)<\/li><li>Disponibilidad abierta<\/li><li>Habilidades de comunicaci\u00f3n<\/li><li>Se valorar\u00e1 experiencia en ventas<\/li><li>Inteligencia emocional<\/li><li>Vivir en Madrid (\u00a1y amarlo!)<\/li><\/ul><\/div><div class=\"col-12 mt-5\"><br \/><span style=\"color: #800080;\"><strong class=\"color-primary\">Si est\u00e1s buscando una experiencia en turismo en la ciudad m\u00e1s emocionante del Mediterr\u00e1neo y consideras que encajas con el perfil, \u00a1no dudes en aplicar!<\/strong><\/span><br \/><p>\u00a1Entonces no lo dudes y escr\u00edbenos!<br \/><br \/><\/p><p><strong><span>Env\u00edanos tu CV <\/span><\/strong><span>a <\/span><strong class=\"color-primary\"><a href=\"mailto:crafttoursspain@gmail.com\"><span>crafttoursspain@gmail.com <\/span><\/a><\/strong><span>\u2018 y cu\u00e9ntanos por qu\u00e9 ser\u00edas esa gran gu\u00eda de Madrid que estamos buscando. <\/span><\/p><p>(ind\u00edquenos en el asunto del correo electr\u00f3nico lo que le interesa: por ejemplo, \"Gu\u00eda tur\u00edstico\")<\/p><\/div><\/div><\/div><\/div>\n\t\t\t\t\t\t\t\t\t<div class=\"elementor-tab-title elementor-tab-mobile-title\" aria-selected=\"false\" data-tab=\"2\" role=\"tab\" tabindex=\"-1\" aria-controls=\"elementor-tab-content-2302\" aria-expanded=\"false\">Coordinador de Tours &amp; Actividades<\/div>\n\t\t\t\t\t<div id=\"elementor-tab-content-2302\" class=\"elementor-tab-content elementor-clearfix\" data-tab=\"2\" role=\"tabpanel\" aria-labelledby=\"elementor-tab-title-2302\" tabindex=\"0\" hidden=\"hidden\"><div id=\"tac\">\n<div class=\"row\">\n<div class=\"col-12\">\n<h4 class=\"display-4 color-primary\"><span style=\"color: #800080;\"><strong>TOURS &amp; ACTIVITIES COORDINATOR<\/strong><\/span><\/h4>\nCraft Tours is a young and dynamic company present in Madrid and Barcelona that promotes ecological and socially responsible tourism. Our professional activity involves different areas: the promotion of free tours, added value craft tours, private tours for companies, students, private groups, and other entertainment activities in Madrid and Barcelona. Constantly growing, and adapting to new situations, we are looking for new graduates with previous professional experience seeking for their opportunity in the Travel and Tourism sector. We are currently looking for a Tour &amp; Activities Coordinator to manage the daily operations in Madrid. This requires you to be self-organized, analytical, people oriented, gracious, open to feedback, and of course ambitious and looking to grow both professionally and personally. If you believe you can deliver on these expectations at Craft Tours then you will have a world of opportunity at your door.\n\nThis position involves working outdoors and indoors, interacting with travelers from all over the world, and working with local partners and freelance guides to ensure the proper organization and smooth running of the daily tours and activities offered in Madrid. That\u2019s why emotional intelligence, and communication skills are also indispensable for the profile we are looking to include in our team.\n\n<\/div>\n<div class=\"col-12\">\n\n<strong>The selected candidate should: <\/strong>\n<ul class=\"hitos\">\n \t<li><strong>Have \/ Be studying a bachelor\u2019s degree in Tourism, Hospitality, Business Admin., Economics (or similar)<\/strong><\/li>\n \t<li><strong>Be organized, efficient, and analytical<\/strong><\/li>\n \t<li><strong>Be social, gracious, and have a strong sense of customer service<\/strong><\/li>\n \t<li><strong>Be able to present ideas clearly and concisely, practice active listening skills<\/strong><\/li>\n \t<li><strong>Have natural leadership skills, above all towards charismatic people<\/strong><\/li>\n \t<li><strong>Have previous cash handling work experience<\/strong><\/li>\n \t<li><strong>Be computer literate, mandatory HIGH level in Excel\/li&gt;<\/strong><\/li>\n \t<li><strong>Be able to use modern technology efficiently<\/strong><\/li>\n \t<li><strong>Be active in social media and aware of social media trends<\/strong><\/li>\n \t<li><strong>Speak at least English and Spanish fluently<\/strong><\/li>\n<\/ul><br>\n<strong>Responsibilities: <\/strong>\n<ul class=\"hitos\">\n \t<li><strong>Manage the daily tours and activities (operations department)<\/strong><\/li>\n \t<li><strong>Ensure the smooth running of the Tours\u2019 Start Point<\/strong><\/li>\n \t<li><strong>Assist with the company\u2019s Social Media Management (marketing department)<\/strong><\/li>\n \t<li><strong>Assist with the company\u2019s Partner Relations (business development)<\/strong><\/li>\n \t<li><strong>Conduct and analyze market research, looking to give accurate conclusions and actionable recommendations<\/strong><\/li>\n<\/ul>\n<\/div><br>\n<div class=\"col-12 mt-5\">\n<span style=\"color: #800080;\"><strong class=\"color-primary\">Craft Tours Spain is offering a part-time position or internship, with the possibility of promotion to full-time positions, based on your professional performance and the future opportunities in the company. <\/strong><\/span>\n\nIf you are looking for a professional opportunity in the travel and tourism sector, and you honestly consider that you match the profile, don\u2019t hesitate to apply!\n\n<strong>Send us your CV, and introduce yourself to: <\/strong>a: &#8216; <strong class=\"color-primary\"><a href=\"mailto:crafttoursspain@gmail.com\">crafttoursspain@gmail.com <\/a><\/strong>&#8216; and tell us why you would be this great guide to Barcelona that we are looking for.\n\n<\/div>\n<\/div>\n<\/div><\/div>\n\t\t\t\t\t\t\t\t\t<div class=\"elementor-tab-title elementor-tab-mobile-title\" aria-selected=\"false\" data-tab=\"3\" role=\"tab\" tabindex=\"-1\" aria-controls=\"elementor-tab-content-2303\" aria-expanded=\"false\">Pr\u00e1cticas<\/div>\n\t\t\t\t\t<div id=\"elementor-tab-content-2303\" class=\"elementor-tab-content elementor-clearfix\" data-tab=\"3\" role=\"tabpanel\" aria-labelledby=\"elementor-tab-title-2303\" tabindex=\"0\" hidden=\"hidden\"><div id=\"practicas\"><div class=\"row\"><div class=\"col-12\"><h4 class=\"display-4 color-primary\"><span style=\"color: #800080;\"><strong>UNIVERSITY INTERNSHIP<\/strong><\/span><\/h4><p>Are you in college and are you looking for a professional and paid contact?<\/p><p><strong>Free Walking Tours Madrid es una empresa joven y din\u00e1mica. <\/strong><\/p><p>No previous experience in a similar position is necessary, but it is always valued. We ask that you be an organized person, that you like to work in a multicultural environment, and be able to maintain a fluent conversation in English and Spanish.<\/p><p>Our Tasks are varied and adapt to the student\u2019s concerns, from Marketing and Tourism, to Finance, for example:<\/p><ul class=\"hitos\"><li>Management of tourist groups at the starting point<\/li><li>Planning and coordination between tours and guides<\/li><li>Management of Social Media (marketing department)<\/li><li>Public Relations tasks with our main partners (hotel sector)<\/li><li>Analysis, development and implementation of market techniques Promotion and sale of tourist products.<\/li><li>Register accounting operations and financial data.<\/li><li>Plan, analyze and evaluate the recorded information.<\/li><li>Plan, analyze and evaluate the recorded information<\/li><\/ul><\/div><div class=\"col-12 mt-5\"><p><strong>Observations <\/strong><\/p><p>We adapt to your schedules<\/p><p>2 to 3 days a week. From 16 to 24 hours per week. Availability some weekends.<\/p><\/div><div class=\"col-12\"><p><strong class=\"color-primary\"><span style=\"color: #800080;\">If you think that this can be you, and you are looking for an experience in tourism in one of the most exciting city of the world? Then do not hesitate to write us!<\/span> <\/strong><\/p><h6><strong>Env\u00edanos tu CV <\/strong> to: \u2018 <strong class=\"color-primary\"><a href=\"mailto:crafttoursspain@gmail.com\">crafttoursspain@gmail.com <\/a><\/strong>\u2019 and tell us why you want to work with us. . (indicating in the subject the position for which you apply: eg \u00abUniversity Practices\u00bb)<\/h6><\/div><\/div><\/div><\/div>\n\t\t\t\t\t\t\t<\/div>\n\t\t<\/div>\n\t\t\t\t\t\t<\/div>\n\t\t\t\t<\/div>\n\t\t\t\t\t<\/div>\n\t\t<\/div>\n\t\t\t\t\t<\/div>\n\t\t<\/section>\n\t\t\t\t<\/div>","protected":false},"excerpt":{"rendered":"<p>Tour guide Tour &amp; Activities Coordinator Internship Tour guide We are currently looking for new talent. Take a look! Free Walking Tours Madrid is a young and dynamic company. We are currently looking for new Tour Guides. Although no tour guiding experience is necessary, it is certainly welcome! If you are passionate for the city [&hellip;]<\/p>","protected":false},"author":1,"featured_media":0,"parent":0,"menu_order":0,"comment_status":"closed","ping_status":"closed","template":"","meta":{"_glsr_average":0,"_glsr_ranking":0,"_glsr_reviews":0,"footnotes":""},"class_list":["post-1173","page","type-page","status-publish","hentry"],"_links":{"self":[{"href":"https:\/\/freewalkingtoursmadrid.com\/es\/wp-json\/wp\/v2\/pages\/1173","targetHints":{"allow":["GET"]}}],"collection":[{"href":"https:\/\/freewalkingtoursmadrid.com\/es\/wp-json\/wp\/v2\/pages"}],"about":[{"href":"https:\/\/freewalkingtoursmadrid.com\/es\/wp-json\/wp\/v2\/types\/page"}],"author":[{"embeddable":true,"href":"https:\/\/freewalkingtoursmadrid.com\/es\/wp-json\/wp\/v2\/users\/1"}],"replies":[{"embeddable":true,"href":"https:\/\/freewalkingtoursmadrid.com\/es\/wp-json\/wp\/v2\/comments?post=1173"}],"version-history":[{"count":76,"href":"https:\/\/freewalkingtoursmadrid.com\/es\/wp-json\/wp\/v2\/pages\/1173\/revisions"}],"predecessor-version":[{"id":16842,"href":"https:\/\/freewalkingtoursmadrid.com\/es\/wp-json\/wp\/v2\/pages\/1173\/revisions\/16842"}],"wp:attachment":[{"href":"https:\/\/freewalkingtoursmadrid.com\/es\/wp-json\/wp\/v2\/media?parent=1173"}],"curies":[{"name":"wp","href":"https:\/\/api.w.org\/{rel}","templated":true}]}}